{"id":1051,"date":"2012-08-21T19:29:23","date_gmt":"2012-08-21T19:29:23","guid":{"rendered":"http:\/\/bwthemes.com\/themes\/wellnessxml\/?page_id=10"},"modified":"2023-12-28T18:05:23","modified_gmt":"2023-12-28T17:05:23","slug":"home-2","status":"publish","type":"page","link":"https:\/\/www.praxis-am-schaefer.de\/","title":{"rendered":"Home"},"content":{"rendered":"<div class=\"one_half\">\n<h3><span>Herzlich Willkommen<\/span><\/h3>\n<p>Auf den folgenden Seiten m\u00f6chten wir Sie \u00fcber die Leistungsvielfalt unserer Praxis informieren und Ihnen die Gelegenheit geben, sich in aller Ruhe bei uns umzusehen.<\/p>\n<p>Wir w\u00fcnschen Ihnen viel Spa\u00df beim virtuellen Rundgang und hoffen, Sie bald bei uns pers\u00f6nlich begr\u00fc\u00dfen zu d\u00fcrfen.<\/p>\n<p>Nutzen Sie unsere Leistungen nicht ausschlie\u00dflich als therapeutisches Heilmittel, sondern auch im Rahmen der Pr\u00e4vention zur Erhaltung Ihres Wohlbefindens und Steigerung Ihrer Leistungsf\u00e4higkeit.<\/p>\n<p>Wir freuen uns darauf, Sie umfassend betreuen zu k\u00f6nnen!<br \/>\n<\/div>\n<div class=\"one_half last\">\n<h3><span>\u00d6ffnungszeiten<\/span><\/h3>\n<table cellspacing=\"0\"><tr><th> <\/th><th> <\/th>\n<tr><td>Montag<\/td><td>8:00 - 18:00<\/td><\/tr>\n<tr><td>Dienstag<\/td><td>8:00 - 18:00<\/td><\/tr>\n<tr><td>Mittwoch<\/td><td>8:00 - 18:00<\/td><\/tr>\n<tr><td>Donnerstag<\/td><td>8:00 - 18:00<\/td><\/tr>\n<tr><td>Freitag<\/td><td>Hausbesuche<\/td><\/tr>\n<\/tr><\/table>\n<div class=\"bookingform\">\n<h3 class=\"booktitle\">Terminanfrage<\/span><\/h3>\n<div class=\"wpcf7\" id=\"wpcf7-f187-o1\" dir=\"ltr\">\n<div class=\"screen-reader-response\"><\/div>\n<form name=\"\" action=\"\/index.php?rest_route=%2Fwp%2Fv2%2Fpages%2F1051#wpcf7-f187-o1\" method=\"post\" class=\"wpcf7-form\" novalidate=\"novalidate\">\n<div style=\"display: none;\">\n<input type=\"hidden\" name=\"_wpcf7\" value=\"187\" \/>\n<input type=\"hidden\" name=\"_wpcf7_version\" value=\"4.0.3\" \/>\n<input type=\"hidden\" name=\"_wpcf7_locale\" value=\"\" \/>\n<input type=\"hidden\" name=\"_wpcf7_unit_tag\" value=\"wpcf7-f187-o1\" \/>\n<input type=\"hidden\" name=\"_wpnonce\" value=\"b06b1c2587\" \/>\n<\/div>\n<p>Vollst\u00e4ndiger Name: *<br \/>\n<span class=\"wpcf7-form-control-wrap YourName\"><input type=\"text\" name=\"YourName\" value=\"\" size=\"25\" maxlength=\"40\" class=\"wpcf7-form-control wpcf7-text wpcf7-validates-as-required\" aria-required=\"true\" aria-invalid=\"false\" \/><\/span><\/p>\n<p>Ihre Telefonnummer:*<br \/>\n<span class=\"wpcf7-form-control-wrap YourPhone\"><input type=\"text\" name=\"YourPhone\" value=\"\" size=\"25\" maxlength=\"40\" class=\"wpcf7-form-control wpcf7-text wpcf7-validates-as-required\" aria-required=\"true\" aria-invalid=\"false\" \/><\/span><\/p>\n<p>Ihre E-mail Adresse:(optional)<br \/>\n<span class=\"wpcf7-form-control-wrap email-654\"><input type=\"email\" name=\"email-654\" value=\"\" size=\"40\" class=\"wpcf7-form-control wpcf7-text wpcf7-email wpcf7-validates-as-email\" aria-invalid=\"false\" \/><\/span><\/p>\n<p>Datum und Uhrzeit: *<br \/>\n<span class=\"wpcf7-form-control-wrap Date\"><input type=\"text\" name=\"Date\" value=\"Datum\" size=\"25\" maxlength=\"40\" class=\"wpcf7-form-control wpcf7-text datepicker bookform_date\" aria-invalid=\"false\" \/><\/span><span class=\"wpcf7-form-control-wrap Time\"><input type=\"text\" name=\"Time\" value=\"Uhrzeit\" size=\"40\" class=\"wpcf7-form-control wpcf7-text timepicker bookform_time\" aria-invalid=\"false\" \/><\/span><\/p>\n<p>Zus\u00e4tliche Informationen:<br \/>\n<span class=\"wpcf7-form-control-wrap Info\"><textarea name=\"Info\" cols=\"5\" rows=\"5\" class=\"wpcf7-form-control wpcf7-textarea\" aria-invalid=\"false\"><\/textarea><\/span><\/p>\n<p>Bitte geben Sie die Zeichenfolge in das nachfolgende Textfeld ein:*<br \/>\n<input type=\"hidden\" name=\"_wpcf7_captcha_challenge_captcha-793\" value=\"2078154938\" \/><img class=\"wpcf7-form-control wpcf7-captchac wpcf7-captcha-captcha-793\" width=\"72\" height=\"24\" alt=\"captcha\" src=\"https:\/\/www.praxis-am-schaefer.de\/wp-content\/uploads\/wpcf7_captcha\/2078154938.png\" \/><br \/>\n<span class=\"wpcf7-form-control-wrap captcha-793\"><input type=\"text\" name=\"captcha-793\" value=\"\" size=\"25\" maxlength=\"40\" class=\"wpcf7-form-control wpcf7-captchar\" aria-invalid=\"false\" \/><\/span><br \/>\n<input type=\"submit\" value=\"Anfrage erstellen\" class=\"wpcf7-form-control wpcf7-submit\" \/><\/p>\n<div class=\"wpcf7-response-output wpcf7-display-none\"><\/div><\/form><\/div>\n<\/div>\n<\/div><div class=\"clear\"><\/div>\n","protected":false},"excerpt":{"rendered":"","protected":false},"author":1,"featured_media":0,"parent":0,"menu_order":0,"comment_status":"closed","ping_status":"closed","template":"home-widget-layout.php","meta":[],"_links":{"self":[{"href":"https:\/\/www.praxis-am-schaefer.de\/index.php?rest_route=\/wp\/v2\/pages\/1051"}],"collection":[{"href":"https:\/\/www.praxis-am-schaefer.de\/index.php?rest_route=\/wp\/v2\/pages"}],"about":[{"href":"https:\/\/www.praxis-am-schaefer.de\/index.php?rest_route=\/wp\/v2\/types\/page"}],"author":[{"embeddable":true,"href":"https:\/\/www.praxis-am-schaefer.de\/index.php?rest_route=\/wp\/v2\/users\/1"}],"replies":[{"embeddable":true,"href":"https:\/\/www.praxis-am-schaefer.de\/index.php?rest_route=%2Fwp%2Fv2%2Fcomments&post=1051"}],"version-history":[{"count":167,"href":"https:\/\/www.praxis-am-schaefer.de\/index.php?rest_route=\/wp\/v2\/pages\/1051\/revisions"}],"predecessor-version":[{"id":2116,"href":"https:\/\/www.praxis-am-schaefer.de\/index.php?rest_route=\/wp\/v2\/pages\/1051\/revisions\/2116"}],"wp:attachment":[{"href":"https:\/\/www.praxis-am-schaefer.de\/index.php?rest_route=%2Fwp%2Fv2%2Fmedia&parent=1051"}],"curies":[{"name":"wp","href":"https:\/\/api.w.org\/{rel}","templated":true}]}}