{"id":1053,"date":"2012-09-20T21:48:21","date_gmt":"2012-09-20T20:48:21","guid":{"rendered":"http:\/\/bwthemes.com\/themes\/wellnessxml\/?page_id=816"},"modified":"2024-05-06T16:28:58","modified_gmt":"2024-05-06T15:28:58","slug":"our-staff-2","status":"publish","type":"page","link":"https:\/\/www.praxis-am-schaefer.de\/?page_id=1053","title":{"rendered":"Wer wir sind"},"content":{"rendered":"<blockquote><p>Wir bieten Ihnen ein umfangreiches Behandlungsspektrum an therapeutischen Leistungen.<br \/>\nVon der klassischen Massage \u00fcber die Lymphdrainage bis hin zur Babymassage.<br \/>\nAuch bieten wir einen ganzheitlichen Behandlungsansatz an, der es uns erm\u00f6glicht, nicht nur Ihre Symptome,<br \/>\nsondern auch deren Ursachen zu lindern.<br \/>\nDas ganze in einer entspannten Atmosph\u00e4re ohne Stress und Hektik.<br \/>\nWir besitzen s\u00e4mtliche Kassenzulassungen und behandeln selbstverst\u00e4ndlich auch privat.<\/p><\/blockquote>\n<p><img class=\"alignnone size-full wp-image-481\" title=\"staff\" src=\"https:\/\/praxis-am-schaefer.de\/wp-content\/uploads\/2015\/02\/20150202_1429271.jpg\" alt=\"\"><\/p>\n<div class=\"one_half\">\n<div class=\"staffmember\"><div class=\"staffmemberphoto\"><img src=\"https:\/\/praxis-am-schaefer.de\/wp-content\/uploads\/2019\/07\/DSC09243_k.jpg\" \/><\/div><div class =\"staffmembertext\"><h2><span>Tobias Kaubisch<\/span><\/h2><p class=\"staffdesc\">Staatl. gepr. Masseur und med. Bademeister<br \/>\nManuelle Lymphdrainage<\/p><hr><p><strong>Heinrich Heine Universit\u00e4t D\u00fcsseldorf<\/strong><br \/>\nAusbildung zum staatl. gepr. Masseur und med. Bademeister <strong><br \/>\nWehrdienst in der Bundeswehr<\/strong><br \/>\nAusbildung zum Sanit\u00e4ter<br \/>\n<strong>Manuelle Lymphdrainage nach Dr. Vodder<\/strong><br \/>\nKomplexe Physikalische \u00d6dem- und Entstauungstherapie<\/p><hr><ul class=\"staffcontact\"><li class=\"phone\">02104 - 6408608<\/li><li class=\"email\"><a href=\"mailto:info@praxis-am-schaefer.de\">info@praxis-am-schaefer.de<\/a><\/li><\/ul><\/div><\/div><div class=\"clear\"><\/div>\n<\/div>\n<div class=\"one_half last\">\n<div class=\"staffmember\"><div class=\"staffmemberphoto\"><img src=\"https:\/\/www.praxis-am-schaefer.de\/wp-content\/uploads\/2024\/05\/nk_uns.jpg\" \/><\/div><div class =\"staffmembertext\"><h2><span>Nadine Kaubisch<\/span><\/h2><p class=\"staffdesc\">Praxisassistentin &amp; Verwaltung<br \/>\nKursleiterin Babymassage<\/p><hr><p><strong>Ausbildung zur B\u00fcrokauffrau<\/strong><br \/>\n<strong>Ausbildung zur staatlich gepr\u00fcften Kinderpflegerin<\/strong><br \/>\n<\/p><hr><ul class=\"staffcontact\"><li class=\"phone\">02104 - 6408608<\/li><li class=\"email\"><a href=\"mailto:info@praxis-am-schaefer.de\">info@praxis-am-schaefer.de<\/a><\/li><\/ul><\/div><\/div><div class=\"clear\"><\/div>\n<\/div><div class=\"clear\"><\/div>\n","protected":false},"excerpt":{"rendered":"<p>Wir bieten Ihnen ein umfangreiches Behandlungsspektrum an therapeutischen Leistungen. Von der klassischen Massage \u00fcber die Lymphdrainage bis hin zur Babymassage. Auch bieten wir einen ganzheitlichen Behandlungsansatz an, der es uns erm\u00f6glicht, nicht nur Ihre Symptome, sondern auch deren Ursachen zu lindern. Das ganze in einer entspannten Atmosph\u00e4re ohne Stress und Hektik. Wir besitzen s\u00e4mtliche Kassenzulassungen<\/p>\n","protected":false},"author":1,"featured_media":0,"parent":0,"menu_order":0,"comment_status":"closed","ping_status":"closed","template":"full-width-page.php","meta":[],"_links":{"self":[{"href":"https:\/\/www.praxis-am-schaefer.de\/index.php?rest_route=\/wp\/v2\/pages\/1053"}],"collection":[{"href":"https:\/\/www.praxis-am-schaefer.de\/index.php?rest_route=\/wp\/v2\/pages"}],"about":[{"href":"https:\/\/www.praxis-am-schaefer.de\/index.php?rest_route=\/wp\/v2\/types\/page"}],"author":[{"embeddable":true,"href":"https:\/\/www.praxis-am-schaefer.de\/index.php?rest_route=\/wp\/v2\/users\/1"}],"replies":[{"embeddable":true,"href":"https:\/\/www.praxis-am-schaefer.de\/index.php?rest_route=%2Fwp%2Fv2%2Fcomments&post=1053"}],"version-history":[{"count":79,"href":"https:\/\/www.praxis-am-schaefer.de\/index.php?rest_route=\/wp\/v2\/pages\/1053\/revisions"}],"predecessor-version":[{"id":2141,"href":"https:\/\/www.praxis-am-schaefer.de\/index.php?rest_route=\/wp\/v2\/pages\/1053\/revisions\/2141"}],"wp:attachment":[{"href":"https:\/\/www.praxis-am-schaefer.de\/index.php?rest_route=%2Fwp%2Fv2%2Fmedia&parent=1053"}],"curies":[{"name":"wp","href":"https:\/\/api.w.org\/{rel}","templated":true}]}}