{"id":1426,"date":"2015-03-27T16:02:36","date_gmt":"2015-03-27T15:02:36","guid":{"rendered":"http:\/\/www.praxis-am-schaefer.de\/?page_id=1426"},"modified":"2025-03-06T16:41:25","modified_gmt":"2025-03-06T15:41:25","slug":"indische-babymassage","status":"publish","type":"page","link":"https:\/\/www.praxis-am-schaefer.de\/?page_id=1426","title":{"rendered":"Babymassage"},"content":{"rendered":"<div class=\"slider-wrapper\"><div class=\"ribbon\"><\/div><div id=\"nivoslider-136\" class=\"nivoSlider\"><img src=\"https:\/\/www.praxis-am-schaefer.de\/wp-content\/uploads\/2024\/05\/Babymassage2_1.jpg\" alt=\"\" \/><img src=\"https:\/\/www.praxis-am-schaefer.de\/wp-content\/uploads\/2024\/05\/Babymassage3.jpg\" alt=\"\" \/><\/div><\/div><script type=\"text\/javascript\">\njQuery(window).load(function(){\n    jQuery(\"#nivoslider-136\").nivoSlider({\n        effect:\"fade\",\n        slices:15,\n        boxCols:8,\n        boxRows:4,\n        animSpeed:500,\n        pauseTime:3000,\n        startSlide:0,\n        directionNav:true,\n        controlNav:true,\n        controlNavThumbs:false,\n        pauseOnHover:true,\n        manualAdvance:false\n    });\n});\n<\/script>\n\n<p>K\u00f6rperliche N\u00e4he und liebevolle Zuwendung spielen eine entscheidende Rolle f\u00fcr die Entwicklung deines Babys. Die Babymassage ist eine wunderbare M\u00f6glichkeit, deinem Liebling nah zu sein und eure Bindung zu st\u00e4rken. Ferner kann eine Bauchmassage deinem Baby bei Bl\u00e4hungen und Bauchweh Linderung verschaffen.<\/p>\n<table cellspacing=\"0\"><tr><th> <\/th><th> <\/th>\n<tr><td>Alter der Babys<\/td><td>6. Lebenswoche bis 6. Lebensmonat<\/td><\/tr>\n<tr><td>Kursdauer<\/td><td>6 Kursvormittage au\u00dfer Freitags<\/td><\/tr>\n<tr><td>Kosten<\/td><td>100 Euro<\/td><\/tr>\n<tr><td>Teilnehmerzahl<\/td><td>max. 6 TN + Baby<\/td><\/tr>\n<tr><td> <\/td><td><strong>Mit Option f\u00fcr anschlie\u00dfenden Babygruppentreff<\/strong><\/td><\/tr>\n<\/tr><\/table>\n<h2><span>Kosten\u00fcbernahme<\/span><\/h2>\n<p>N\u00e4here Ausk\u00fcnfte dar\u00fcber, wie eine m\u00f6glichst umfassende Kosten\u00fcbernahme gew\u00e4hrleistet werden kann, erh\u00e4lst du bei deiner Krankenkasse.<\/p>\n<h2><span>Warum ist die Babymassage sinnvoll?<\/span><\/h2>\n<p>K\u00f6rperlicher Kontakt ist f\u00fcr alle Menschen essenziell \u2013 das gilt nat\u00fcrlich auch f\u00fcr dein Baby. Nach der <strong>Geburt<\/strong> befindet es sich pl\u00f6tzlich in einer ganz neuen Welt. Auf einmal kann sich dein Liebling v\u00f6llig frei in alle Richtungen bewegen und ist gleichzeitig nicht mehr von der W\u00e4rme der Geb\u00e4rmutter umgeben.<\/p>\n<p>Nach der Zeit im Mutterleib ist jede Ber\u00fchrung eine ganz neue Erfahrung f\u00fcr deinen Schatz. Nie zuvor hat jemand seine\/ihre kleinen Beine, die Zehen oder den Bauch mit der Hand angefasst. Je mehr K\u00f6rperteile du im Kontakt mit deinem kleinen Liebling einbeziehst, desto umfassender wird dein <strong>Neugeborenes <\/strong>sein\/ihr eigenes k\u00f6rperliches Sein erleben.<\/p>\n<p>Daher ist die Babymassage ein sch\u00f6nes und wichtiges Instrument, um die <strong>Entwicklung deines Babys<\/strong> zu f\u00f6rdern. Des Weiteren vermittelt sie deinem Liebling das Gef\u00fchl von Geborgenheit und W\u00e4rme.<\/p>\n<h2><span>Bindung und Entspannung: die Vorteile einer Babymassage<\/span><\/h2>\n<p>Eine Babymassage ist ein positives Erlebnis f\u00fcr die Sinne und den ganzen K\u00f6rper. Gest\u00e4rkt wird vor allem:<\/p>\n<ul>\n<li><strong>Bonding<\/strong>: Dein kleiner Liebling genie\u00dft w\u00e4hrend einer Babymassage deine Aufmerksamkeit und auch du tust in diesem Moment nichts anderes, als dich vollkommen auf dein Kind zu konzentrieren. Dies st\u00e4rkt dauerhaft das Zusammengeh\u00f6rigkeitsgef\u00fchl zwischen euch beiden.<\/li>\n<li><strong>Beziehungsaufbau<\/strong>: Ein <strong>neues Familienmitglied<\/strong> kann bei \u00e4lteren Geschwistern Unsicherheit ausl\u00f6sen. Sie m\u00fcssen erst eine Beziehung zu dem Schwesterchen oder Br\u00fcderchen aufbauen. Um sich anzun\u00e4hern, k\u00f6nnen Geschwisterkinder der Babymassage beiwohnen oder sogar ganz aktiv eingebunden werden.<\/li>\n<li><strong>Entwicklung<\/strong>: Eine regelm\u00e4\u00dfige Massage unterst\u00fctzt den Aufbau der Verbindungen der Nervenzellen untereinander und wirkt sich somit positiv auf die gesamte k\u00f6rperliche Entwicklung deines Lieblings aus.<\/li>\n<li><strong>Stimulation<\/strong>: W\u00e4hrend einer Babymassage werden alle Sinne deines Kindes aktiviert. Dies wiederum hilft dabei, dass dein Baby allm\u00e4hlich ein Bewusstsein f\u00fcr den eigenen K\u00f6rper entwickelt.<\/li>\n<li><strong>Entspannung<\/strong>: Sollte dein kleiner Schatz <strong>Probleme beim Einschlafen<\/strong> haben, k\u00f6nnte eine Babymassage genau das Richtige sein. Sie senkt den Stresshormonspiegel und tr\u00e4gt zur Beruhigung bei. So kann sich dein Baby entspannen und es wird ihm\/ihr leichter fallen, einzuschlafen.<\/li>\n<li><strong>Schmerzlinderung<\/strong>: Bei <strong>Bl\u00e4hungen<\/strong>, <strong>Koliken<\/strong> oder Bauchweh durch eine <strong>Verstopfung<\/strong> kann die Babymassage ein wirksames Mittel zur Linderung sein. Aber auch k\u00f6rperliche Anspannungen, die etwa durch das <strong>Zahnen<\/strong> verursacht werden, k\u00f6nnen durch eine Massage gel\u00f6st werden.<\/li>\n<\/ul>\n<p>Kurzum: Eine Babymassage bietet viele Vorteile. Sie wird deinem Liebling guttun und auch du wirst merken, wie sch\u00f6n und wertvoll diese Zeit zu zweit sein kann.<\/p>\n<h2><span>Terminanfrage f\u00fcr Babymassage:<\/span><\/h2>\n<div class=\"wpcf7\" id=\"wpcf7-f2106-o1\" dir=\"ltr\">\n<div class=\"screen-reader-response\"><\/div>\n<form name=\"\" action=\"\/index.php?rest_route=%2Fwp%2Fv2%2Fpages%2F1426#wpcf7-f2106-o1\" method=\"post\" class=\"wpcf7-form\" novalidate=\"novalidate\">\n<div style=\"display: none;\">\n<input type=\"hidden\" name=\"_wpcf7\" value=\"2106\" \/>\n<input type=\"hidden\" name=\"_wpcf7_version\" value=\"4.0.3\" \/>\n<input type=\"hidden\" name=\"_wpcf7_locale\" value=\"\" \/>\n<input type=\"hidden\" name=\"_wpcf7_unit_tag\" value=\"wpcf7-f2106-o1\" \/>\n<input type=\"hidden\" name=\"_wpnonce\" value=\"766398b394\" \/>\n<\/div>\n<p>Vollst\u00e4ndiger Name: *<br \/>\n<span class=\"wpcf7-form-control-wrap YourName\"><input type=\"text\" name=\"YourName\" value=\"\" size=\"25\" maxlength=\"40\" class=\"wpcf7-form-control wpcf7-text wpcf7-validates-as-required\" aria-required=\"true\" aria-invalid=\"false\" \/><\/span><\/p>\n<p>Alter des Babys: *<br \/>\n<span class=\"wpcf7-form-control-wrap text-589\"><input type=\"text\" name=\"text-589\" value=\"\" size=\"25\" maxlength=\"40\" class=\"wpcf7-form-control wpcf7-text wpcf7-validates-as-required\" aria-required=\"true\" aria-invalid=\"false\" \/><\/span><\/p>\n<p>Ihre Telefonnummer:*<br \/>\n<span class=\"wpcf7-form-control-wrap YourPhone\"><input type=\"text\" name=\"YourPhone\" value=\"\" size=\"25\" maxlength=\"40\" class=\"wpcf7-form-control wpcf7-text wpcf7-validates-as-required\" aria-required=\"true\" aria-invalid=\"false\" \/><\/span><\/p>\n<p>Ihre E-mail Adresse:*<br \/>\n<span class=\"wpcf7-form-control-wrap email-654\"><input type=\"email\" name=\"email-654\" value=\"\" size=\"40\" class=\"wpcf7-form-control wpcf7-text wpcf7-email wpcf7-validates-as-required wpcf7-validates-as-email\" aria-required=\"true\" aria-invalid=\"false\" \/><\/span><\/p>\n<p>Bitte geben Sie die Zeichenfolge in das nachfolgende Textfeld ein:*<br \/>\n<input type=\"hidden\" name=\"_wpcf7_captcha_challenge_captcha-942\" value=\"1764308715\" \/><img class=\"wpcf7-form-control wpcf7-captchac wpcf7-captcha-captcha-942\" width=\"72\" height=\"24\" alt=\"captcha\" src=\"https:\/\/www.praxis-am-schaefer.de\/wp-content\/uploads\/wpcf7_captcha\/1764308715.png\" \/><br \/>\n<span class=\"wpcf7-form-control-wrap captcha-942\"><input type=\"text\" name=\"captcha-942\" value=\"\" size=\"25\" maxlength=\"40\" class=\"wpcf7-form-control wpcf7-captchar\" aria-invalid=\"false\" \/><\/span><br \/>\n<input type=\"submit\" value=\"Anfrage erstellen\" class=\"wpcf7-form-control wpcf7-submit\" \/><\/p>\n<div class=\"wpcf7-response-output wpcf7-display-none\"><\/div><\/form><\/div>\n<p><strong>&nbsp;<\/strong><\/p>\n","protected":false},"excerpt":{"rendered":"<p>K\u00f6rperliche N\u00e4he und liebevolle Zuwendung spielen eine entscheidende Rolle f\u00fcr die Entwicklung deines Babys. Die Babymassage ist eine wunderbare M\u00f6glichkeit, deinem Liebling nah zu sein und eure Bindung zu st\u00e4rken. Ferner kann eine Bauchmassage deinem Baby bei Bl\u00e4hungen und Bauchweh Linderung verschaffen. Kosten\u00fcbernahme N\u00e4here Ausk\u00fcnfte dar\u00fcber, wie eine m\u00f6glichst umfassende Kosten\u00fcbernahme gew\u00e4hrleistet werden kann, erh\u00e4lst<\/p>\n","protected":false},"author":1,"featured_media":0,"parent":0,"menu_order":0,"comment_status":"closed","ping_status":"closed","template":"full-width-page.php","meta":[],"_links":{"self":[{"href":"https:\/\/www.praxis-am-schaefer.de\/index.php?rest_route=\/wp\/v2\/pages\/1426"}],"collection":[{"href":"https:\/\/www.praxis-am-schaefer.de\/index.php?rest_route=\/wp\/v2\/pages"}],"about":[{"href":"https:\/\/www.praxis-am-schaefer.de\/index.php?rest_route=\/wp\/v2\/types\/page"}],"author":[{"embeddable":true,"href":"https:\/\/www.praxis-am-schaefer.de\/index.php?rest_route=\/wp\/v2\/users\/1"}],"replies":[{"embeddable":true,"href":"https:\/\/www.praxis-am-schaefer.de\/index.php?rest_route=%2Fwp%2Fv2%2Fcomments&post=1426"}],"version-history":[{"count":68,"href":"https:\/\/www.praxis-am-schaefer.de\/index.php?rest_route=\/wp\/v2\/pages\/1426\/revisions"}],"predecessor-version":[{"id":2228,"href":"https:\/\/www.praxis-am-schaefer.de\/index.php?rest_route=\/wp\/v2\/pages\/1426\/revisions\/2228"}],"wp:attachment":[{"href":"https:\/\/www.praxis-am-schaefer.de\/index.php?rest_route=%2Fwp%2Fv2%2Fmedia&parent=1426"}],"curies":[{"name":"wp","href":"https:\/\/api.w.org\/{rel}","templated":true}]}}