{"id":1797,"date":"2016-01-29T13:37:29","date_gmt":"2016-01-29T12:37:29","guid":{"rendered":"http:\/\/www.praxis-am-schaefer.de\/?page_id=1797"},"modified":"2019-07-08T18:52:44","modified_gmt":"2019-07-08T17:52:44","slug":"waermetherapie-fango-rolle","status":"publish","type":"page","link":"https:\/\/www.praxis-am-schaefer.de\/?page_id=1797","title":{"rendered":"W\u00e4rme- und K\u00e4ltetherapie, Fango und hei\u00dfe Rolle"},"content":{"rendered":"<div class=\"one_third\">\n<div id=\"attachment_1781\" style=\"width: 310px\" class=\"wp-caption alignleft\"><a href=\"https:\/\/www.praxis-am-schaefer.de\/wp-content\/uploads\/2016\/01\/Rotlicht.jpg\" rel=\"fancyimg\"><img aria-describedby=\"caption-attachment-1781\" loading=\"lazy\" src=\"http:\/\/www.praxis-am-schaefer.de\/wp-content\/uploads\/2016\/01\/Rotlicht-300x225.jpg\" alt=\"Rotlicht\" width=\"300\" height=\"225\" class=\"size-medium wp-image-1781\" srcset=\"https:\/\/www.praxis-am-schaefer.de\/wp-content\/uploads\/2016\/01\/Rotlicht-300x225.jpg 300w, https:\/\/www.praxis-am-schaefer.de\/wp-content\/uploads\/2016\/01\/Rotlicht.jpg 996w\" sizes=\"(max-width: 300px) 100vw, 300px\" \/><\/a><p id=\"caption-attachment-1781\" class=\"wp-caption-text\">Rotlicht<\/p><\/div>\n<\/div>\n<\/br><br \/>\n<div class=\"two_third last\"><u><font size=\"3\"><strong>W\u00e4rme- und K\u00e4ltetherapie<\/strong><\/font><\/u><\/br><br \/>\nBei Behandlungen in der W\u00e4rme- und K\u00e4ltetherapie steht die positive Wirkung der Temperatur bei Schmerzen und bestimmten Krankheiten im Vordergrund. Hierbei werden sowohl K\u00e4lte als auch W\u00e4rme genutzt.<br \/>\n<\/div><div class=\"clear\"><\/div>\n<u><font size=\"3\"><strong>Fango<\/strong><\/font><\/u><\/br><br \/>\nWarmpackung einzelner oder mehrerer K\u00f6rperteile mit Naturmoor, die bei uns nur einmalig verwendet werden.<br \/>\nFango wirkt schmerzlindernd, l\u00f6st Verspannungen, verbessert die Durchblutung und erh\u00f6ht den Stoffwechsel.<\/p>\n<p><u><font size=\"3\"><strong>Hei\u00dfe Rolle<\/strong><\/font><\/u><\/br><br \/>\nEine Behandlung durch mit hei\u00dfem Wasser getr\u00e4nkten, aufgerollten Frotteet\u00fcchern mit starker W\u00e4rmeintensit\u00e4t und der M\u00f6glichkeit gleichzeitiger mechanischer Beeinflussung der Haut.<br \/>\nSie wird eingesetzt bei Schmerzen im Bereich des Bewegungssystems und der Inneren Organe,<br \/>\nSt\u00f6rungen der Durchblutung und des Stoffwechsels und bei psychoneurovegetative Regulationsst\u00f6rungen.<\/p>\n<p><u><font size=\"3\"><strong>Hei\u00dfluft<\/strong><\/font><\/u><\/br><br \/>\nW\u00e4rmetherapie mittels Hei\u00dfluft als strahlende W\u00e4rme zur Muskelentspannung und Schmerzlinderung: Unmittelbare Erw\u00e4rmung durch strahlende W\u00e4rme (z.B.Infrarot) an einzelnen oder mehreren K\u00f6rperteilen des sitzenden oder liegenden Patienten.<\/p>\n<p><u><font size=\"3\"><strong>K\u00e4ltetherapie<\/strong><\/font><\/u><\/br><br \/>\nK\u00e4ltetherapie bei einem oder mehreren K\u00f6rperteilen mit lokaler Applikation intensiver K\u00e4lte in Form von Eiskompressen (in Eisw\u00fcrfel getauchte bzw. mit Eisw\u00fcrfeln gef\u00fcllte oder mit Salzwasser gefrorene Frottiert\u00fccher), tiefgek\u00fchlten Eis-\/Gelbeuteln oder direkte Abreibung (Eismasse, Eiseinreibung).<br \/>\nDies wirkt schmerzlindernd, abschwellend und regt die Durchblutung an.<\/p>\n","protected":false},"excerpt":{"rendered":"<p>Fango Warmpackung einzelner oder mehrerer K\u00f6rperteile mit Naturmoor, die bei uns nur einmalig verwendet werden. Fango wirkt schmerzlindernd, l\u00f6st Verspannungen, verbessert die Durchblutung und erh\u00f6ht den Stoffwechsel. Hei\u00dfe Rolle Eine Behandlung durch mit hei\u00dfem Wasser getr\u00e4nkten, aufgerollten Frotteet\u00fcchern mit starker W\u00e4rmeintensit\u00e4t und der M\u00f6glichkeit gleichzeitiger mechanischer Beeinflussung der Haut. Sie wird eingesetzt bei Schmerzen im<\/p>\n","protected":false},"author":1,"featured_media":0,"parent":0,"menu_order":0,"comment_status":"closed","ping_status":"closed","template":"full-width-page.php","meta":[],"_links":{"self":[{"href":"https:\/\/www.praxis-am-schaefer.de\/index.php?rest_route=\/wp\/v2\/pages\/1797"}],"collection":[{"href":"https:\/\/www.praxis-am-schaefer.de\/index.php?rest_route=\/wp\/v2\/pages"}],"about":[{"href":"https:\/\/www.praxis-am-schaefer.de\/index.php?rest_route=\/wp\/v2\/types\/page"}],"author":[{"embeddable":true,"href":"https:\/\/www.praxis-am-schaefer.de\/index.php?rest_route=\/wp\/v2\/users\/1"}],"replies":[{"embeddable":true,"href":"https:\/\/www.praxis-am-schaefer.de\/index.php?rest_route=%2Fwp%2Fv2%2Fcomments&post=1797"}],"version-history":[{"count":12,"href":"https:\/\/www.praxis-am-schaefer.de\/index.php?rest_route=\/wp\/v2\/pages\/1797\/revisions"}],"predecessor-version":[{"id":2022,"href":"https:\/\/www.praxis-am-schaefer.de\/index.php?rest_route=\/wp\/v2\/pages\/1797\/revisions\/2022"}],"wp:attachment":[{"href":"https:\/\/www.praxis-am-schaefer.de\/index.php?rest_route=%2Fwp%2Fv2%2Fmedia&parent=1797"}],"curies":[{"name":"wp","href":"https:\/\/api.w.org\/{rel}","templated":true}]}}